{"id":2856,"date":"2025-06-30T11:16:33","date_gmt":"2025-06-30T15:16:33","guid":{"rendered":"https:\/\/eczederm.hamakmarketingnumerique.com\/?page_id=2856"},"modified":"2025-11-11T10:09:18","modified_gmt":"2025-11-11T15:09:18","slug":"nos-cremes","status":"publish","type":"page","link":"https:\/\/eczederm.ca\/fr\/nos-cremes\/","title":{"rendered":"Nos cr\u00e8mes"},"content":{"rendered":"","protected":false},"excerpt":{"rendered":"","protected":false},"author":3,"featured_media":0,"parent":0,"menu_order":0,"comment_status":"closed","ping_status":"closed","template":"page-templates\/template-phyto.php","meta":{"_acf_changed":false,"footnotes":""},"class_list":["post-2856","page","type-page","status-publish","hentry"],"acf":[],"yoast_head":"<!-- This site is optimized with the Yoast SEO plugin v26.3 - https:\/\/yoast.com\/wordpress\/plugins\/seo\/ -->\n<title>Nos cr\u00e8mes - Eczederm<\/title>\n<meta name=\"description\" content=\"D\u00e9couvrez les cr\u00e8mes Eczederm, sans parfum et offertes en formats pratiques, con\u00e7ues pour soulager irritations, rougeurs et d\u00e9mangeaisons.\" \/>\n<meta name=\"robots\" content=\"index, follow, max-snippet:-1, max-image-preview:large, max-video-preview:-1\" \/>\n<link rel=\"canonical\" href=\"https:\/\/eczederm.ca\/fr\/nos-cremes\/\" \/>\n<meta property=\"og:locale\" content=\"fr_FR\" \/>\n<meta property=\"og:type\" content=\"article\" \/>\n<meta property=\"og:title\" content=\"Nos cr\u00e8mes - Eczederm\" \/>\n<meta property=\"og:description\" content=\"D\u00e9couvrez les cr\u00e8mes Eczederm, sans parfum et offertes en formats pratiques, con\u00e7ues pour soulager irritations, rougeurs et d\u00e9mangeaisons.\" \/>\n<meta property=\"og:url\" content=\"https:\/\/eczederm.ca\/fr\/nos-cremes\/\" \/>\n<meta property=\"og:site_name\" content=\"Eczederm\" \/>\n<meta property=\"article:modified_time\" content=\"2025-11-11T15:09:18+00:00\" \/>\n<meta name=\"twitter:card\" content=\"summary_large_image\" \/>\n<script type=\"application\/ld+json\" class=\"yoast-schema-graph\">{\"@context\":\"https:\/\/schema.org\",\"@graph\":[{\"@type\":\"WebPage\",\"@id\":\"https:\/\/eczederm.ca\/fr\/nos-cremes\/\",\"url\":\"https:\/\/eczederm.ca\/fr\/nos-cremes\/\",\"name\":\"Nos cr\u00e8mes - Eczederm\",\"isPartOf\":{\"@id\":\"https:\/\/eczederm.ca\/fr\/#website\"},\"datePublished\":\"2025-06-30T15:16:33+00:00\",\"dateModified\":\"2025-11-11T15:09:18+00:00\",\"description\":\"D\u00e9couvrez les cr\u00e8mes Eczederm, sans parfum et offertes en formats pratiques, con\u00e7ues pour soulager irritations, rougeurs et d\u00e9mangeaisons.\",\"breadcrumb\":{\"@id\":\"https:\/\/eczederm.ca\/fr\/nos-cremes\/#breadcrumb\"},\"inLanguage\":\"fr-FR\",\"potentialAction\":[{\"@type\":\"ReadAction\",\"target\":[\"https:\/\/eczederm.ca\/fr\/nos-cremes\/\"]}]},{\"@type\":\"BreadcrumbList\",\"@id\":\"https:\/\/eczederm.ca\/fr\/nos-cremes\/#breadcrumb\",\"itemListElement\":[{\"@type\":\"ListItem\",\"position\":1,\"name\":\"Accueil\",\"item\":\"https:\/\/eczederm.ca\/fr\/\"},{\"@type\":\"ListItem\",\"position\":2,\"name\":\"Nos cr\u00e8mes\"}]},{\"@type\":\"WebSite\",\"@id\":\"https:\/\/eczederm.ca\/fr\/#website\",\"url\":\"https:\/\/eczederm.ca\/fr\/\",\"name\":\"Eczederm\",\"description\":\"\",\"potentialAction\":[{\"@type\":\"SearchAction\",\"target\":{\"@type\":\"EntryPoint\",\"urlTemplate\":\"https:\/\/eczederm.ca\/fr\/?s={search_term_string}\"},\"query-input\":{\"@type\":\"PropertyValueSpecification\",\"valueRequired\":true,\"valueName\":\"search_term_string\"}}],\"inLanguage\":\"fr-FR\"}]}<\/script>\n<!-- \/ Yoast SEO plugin. -->","yoast_head_json":{"title":"Nos cr\u00e8mes - Eczederm","description":"D\u00e9couvrez les cr\u00e8mes Eczederm, sans parfum et offertes en formats pratiques, con\u00e7ues pour soulager irritations, rougeurs et d\u00e9mangeaisons.","robots":{"index":"index","follow":"follow","max-snippet":"max-snippet:-1","max-image-preview":"max-image-preview:large","max-video-preview":"max-video-preview:-1"},"canonical":"https:\/\/eczederm.ca\/fr\/nos-cremes\/","og_locale":"fr_FR","og_type":"article","og_title":"Nos cr\u00e8mes - Eczederm","og_description":"D\u00e9couvrez les cr\u00e8mes Eczederm, sans parfum et offertes en formats pratiques, con\u00e7ues pour soulager irritations, rougeurs et d\u00e9mangeaisons.","og_url":"https:\/\/eczederm.ca\/fr\/nos-cremes\/","og_site_name":"Eczederm","article_modified_time":"2025-11-11T15:09:18+00:00","twitter_card":"summary_large_image","schema":{"@context":"https:\/\/schema.org","@graph":[{"@type":"WebPage","@id":"https:\/\/eczederm.ca\/fr\/nos-cremes\/","url":"https:\/\/eczederm.ca\/fr\/nos-cremes\/","name":"Nos cr\u00e8mes - Eczederm","isPartOf":{"@id":"https:\/\/eczederm.ca\/fr\/#website"},"datePublished":"2025-06-30T15:16:33+00:00","dateModified":"2025-11-11T15:09:18+00:00","description":"D\u00e9couvrez les cr\u00e8mes Eczederm, sans parfum et offertes en formats pratiques, con\u00e7ues pour soulager irritations, rougeurs et d\u00e9mangeaisons.","breadcrumb":{"@id":"https:\/\/eczederm.ca\/fr\/nos-cremes\/#breadcrumb"},"inLanguage":"fr-FR","potentialAction":[{"@type":"ReadAction","target":["https:\/\/eczederm.ca\/fr\/nos-cremes\/"]}]},{"@type":"BreadcrumbList","@id":"https:\/\/eczederm.ca\/fr\/nos-cremes\/#breadcrumb","itemListElement":[{"@type":"ListItem","position":1,"name":"Accueil","item":"https:\/\/eczederm.ca\/fr\/"},{"@type":"ListItem","position":2,"name":"Nos cr\u00e8mes"}]},{"@type":"WebSite","@id":"https:\/\/eczederm.ca\/fr\/#website","url":"https:\/\/eczederm.ca\/fr\/","name":"Eczederm","description":"","potentialAction":[{"@type":"SearchAction","target":{"@type":"EntryPoint","urlTemplate":"https:\/\/eczederm.ca\/fr\/?s={search_term_string}"},"query-input":{"@type":"PropertyValueSpecification","valueRequired":true,"valueName":"search_term_string"}}],"inLanguage":"fr-FR"}]}},"_links":{"self":[{"href":"https:\/\/eczederm.ca\/fr\/wp-json\/wp\/v2\/pages\/2856","targetHints":{"allow":["GET"]}}],"collection":[{"href":"https:\/\/eczederm.ca\/fr\/wp-json\/wp\/v2\/pages"}],"about":[{"href":"https:\/\/eczederm.ca\/fr\/wp-json\/wp\/v2\/types\/page"}],"author":[{"embeddable":true,"href":"https:\/\/eczederm.ca\/fr\/wp-json\/wp\/v2\/users\/3"}],"replies":[{"embeddable":true,"href":"https:\/\/eczederm.ca\/fr\/wp-json\/wp\/v2\/comments?post=2856"}],"version-history":[{"count":34,"href":"https:\/\/eczederm.ca\/fr\/wp-json\/wp\/v2\/pages\/2856\/revisions"}],"predecessor-version":[{"id":3278,"href":"https:\/\/eczederm.ca\/fr\/wp-json\/wp\/v2\/pages\/2856\/revisions\/3278"}],"wp:attachment":[{"href":"https:\/\/eczederm.ca\/fr\/wp-json\/wp\/v2\/media?parent=2856"}],"curies":[{"name":"wp","href":"https:\/\/api.w.org\/{rel}","templated":true}]}}